{"id":618,"date":"2022-06-03T10:34:56","date_gmt":"2022-06-03T08:34:56","guid":{"rendered":"https:\/\/www.ehitusinsener.ee\/?page_id=618"},"modified":"2022-09-22T06:43:58","modified_gmt":"2022-09-22T06:43:58","slug":"home","status":"publish","type":"page","link":"https:\/\/www.ehitusinsener.ee\/en\/","title":{"rendered":"Home"},"content":{"rendered":"<div class=\"g-banner\"><div class=\"g-banner__slider\"><div class=\"g-banner__slide-2 splide__slide\"><div class=\"g-banner__slide-inner container\"><div class=\"g-banner__title h1\">Estonian Association of Civil Engineers (EEL)<\/div><\/div><\/div><\/div><\/div>\n\n\n<div style=\"height:100px\" aria-hidden=\"true\" class=\"wp-block-spacer\"><\/div>\n\n\n\n<h3 class=\"wp-block-heading\">Estonian Association of Civil Engineers (EEL) is a voluntary civil engineering association operating as a non-profit organisation.<\/h3>\n\n\n\n<p><strong>Founding and members<\/strong><\/p>\n\n\n\n<p>EEL was established on 9 February 1991 by 124 civil engineers. New members have been added to the ranks each following year. As at 1st of &nbsp;April 2017 there were 517 individual members in EEL.<\/p>\n\n\n\n<p>Currently four collective members have also joined EEL: Estonian Heating and Ventilation Engineering Association (EKV\u00dc: Eesti K\u00fctte- ja Ventilatsiooniinseneride \u00dchendus), Estonian Geotechnical Society (EG\u00dc: Eesti Geotehnika \u00dching), Estonian Association of Water Supply and Wastewater Engineers (EVKIS: Eesti Veevarustuse ja Kanalisatsiooni Inseneride Selts) and Estonian Association of Water Engineers. Together with the collective members, the association includes more than 1000&nbsp;civil engineers.<\/p>\n","protected":false},"excerpt":{"rendered":"<p>Estonian Association of Civil Engineers (EEL) is a voluntary civil engineering association operating as a non-profit\u2026<\/p>\n","protected":false},"author":1,"featured_media":0,"parent":0,"menu_order":0,"comment_status":"closed","ping_status":"closed","template":"","meta":{"_acf_changed":false,"_EventAllDay":false,"_EventTimezone":"","_EventStartDate":"","_EventEndDate":"","_EventStartDateUTC":"","_EventEndDateUTC":"","_EventShowMap":false,"_EventShowMapLink":false,"_EventURL":"","_EventCost":"","_EventCostDescription":"","_EventCurrencySymbol":"","_EventCurrencyCode":"","_EventCurrencyPosition":"","_EventDateTimeSeparator":"","_EventTimeRangeSeparator":"","_EventOrganizerID":[],"_EventVenueID":[],"_OrganizerEmail":"","_OrganizerPhone":"","_OrganizerWebsite":"","_VenueAddress":"","_VenueCity":"","_VenueCountry":"","_VenueProvince":"","_VenueState":"","_VenueZip":"","_VenuePhone":"","_VenueURL":"","_VenueStateProvince":"","_VenueLat":"","_VenueLng":"","_VenueShowMap":false,"_VenueShowMapLink":false,"footnotes":"","_links_to":"","_links_to_target":""},"class_list":["post-618","page","type-page","status-publish","hentry"],"acf":[],"_links":{"self":[{"href":"https:\/\/www.ehitusinsener.ee\/en\/wp-json\/wp\/v2\/pages\/618","targetHints":{"allow":["GET"]}}],"collection":[{"href":"https:\/\/www.ehitusinsener.ee\/en\/wp-json\/wp\/v2\/pages"}],"about":[{"href":"https:\/\/www.ehitusinsener.ee\/en\/wp-json\/wp\/v2\/types\/page"}],"author":[{"embeddable":true,"href":"https:\/\/www.ehitusinsener.ee\/en\/wp-json\/wp\/v2\/users\/1"}],"replies":[{"embeddable":true,"href":"https:\/\/www.ehitusinsener.ee\/en\/wp-json\/wp\/v2\/comments?post=618"}],"version-history":[{"count":11,"href":"https:\/\/www.ehitusinsener.ee\/en\/wp-json\/wp\/v2\/pages\/618\/revisions"}],"predecessor-version":[{"id":641,"href":"https:\/\/www.ehitusinsener.ee\/en\/wp-json\/wp\/v2\/pages\/618\/revisions\/641"}],"wp:attachment":[{"href":"https:\/\/www.ehitusinsener.ee\/en\/wp-json\/wp\/v2\/media?parent=618"}],"curies":[{"name":"wp","href":"https:\/\/api.w.org\/{rel}","templated":true}]}}